{"id":757,"date":"2023-10-05T19:29:47","date_gmt":"2023-10-05T16:29:47","guid":{"rendered":"https:\/\/draxis.gr\/?page_id=757"},"modified":"2025-12-03T17:23:27","modified_gmt":"2025-12-03T15:23:27","slug":"about-us","status":"publish","type":"page","link":"https:\/\/draxis.gr\/fr\/about-us\/","title":{"rendered":"\u00c0 propos de nous"},"content":{"rendered":"<div data-elementor-type=\"wp-page\" data-elementor-id=\"757\" class=\"elementor elementor-757\" data-elementor-post-type=\"page\">\n\t\t\t\t<div class=\"elementor-element elementor-element-68e56ba e-con-full page-wrapper e-flex e-con e-parent\" data-id=\"68e56ba\" data-element_type=\"container\" data-e-type=\"container\">\n\t\t<div class=\"elementor-element elementor-element-a498954 e-flex e-con-boxed e-con e-child\" data-id=\"a498954\" data-element_type=\"container\" data-e-type=\"container\">\n\t\t\t\t\t<div class=\"e-con-inner\">\n\t\t<div class=\"elementor-element elementor-element-6d81adb e-con-full e-flex e-con e-child\" data-id=\"6d81adb\" data-element_type=\"container\" data-e-type=\"container\">\n\t\t\t\t<div class=\"elementor-element elementor-element-255bb29 elementor-widget elementor-widget-heading\" data-id=\"255bb29\" data-element_type=\"widget\" data-e-type=\"widget\" data-widget_type=\"heading.default\">\n\t\t\t\t<div class=\"elementor-widget-container\">\n\t\t\t\t\t<h1 class=\"elementor-heading-title elementor-size-default\">Notre voyage<\/h1>\t\t\t\t<\/div>\n\t\t\t\t<\/div>\n\t\t\t\t<div class=\"elementor-element elementor-element-d94fc9a p1 m0 elementor-widget elementor-widget-text-editor\" data-id=\"d94fc9a\" data-element_type=\"widget\" data-e-type=\"widget\" data-widget_type=\"text-editor.default\">\n\t\t\t\t<div class=\"elementor-widget-container\">\n\t\t\t\t\t\t\t\t\t<p>Fond\u00e9e \u00e0 Thessalonique en 2000, DRAXIS est une force motrice dans l'ing\u00e9nierie environnementale, le d\u00e9veloppement de logiciels et la conception de l'exp\u00e9rience utilisateur. Depuis plus de vingt ans, nous nous effor\u00e7ons de r\u00e9volutionner le secteur de l'environnement gr\u00e2ce \u00e0 des solutions TIC innovantes. Notre parcours a commenc\u00e9 par une mission claire : red\u00e9finir les limites de la technologie environnementale et fournir des solutions pratiques qui font une diff\u00e9rence tangible dans le monde.<\/p>\t\t\t\t\t\t\t\t<\/div>\n\t\t\t\t<\/div>\n\t\t\t\t<\/div>\n\t\t<div class=\"elementor-element elementor-element-3f539bb e-con-full e-flex e-con e-child\" data-id=\"3f539bb\" data-element_type=\"container\" data-e-type=\"container\">\n\t\t\t\t<div class=\"elementor-element elementor-element-0abbf81 elementor-widget elementor-widget-image\" data-id=\"0abbf81\" data-element_type=\"widget\" data-e-type=\"widget\" data-widget_type=\"image.default\">\n\t\t\t\t<div class=\"elementor-widget-container\">\n\t\t\t\t\t\t\t\t\t\t\t\t\t\t\t<img fetchpriority=\"high\" decoding=\"async\" width=\"800\" height=\"534\" src=\"https:\/\/draxis.gr\/wp-content\/uploads\/2025\/07\/About-Us-1024x683.webp\" class=\"attachment-large size-large wp-image-7641\" alt=\"About Us\" srcset=\"https:\/\/draxis.gr\/wp-content\/uploads\/2025\/07\/About-Us-1024x683.webp 1024w, https:\/\/draxis.gr\/wp-content\/uploads\/2025\/07\/About-Us-300x200.webp 300w, https:\/\/draxis.gr\/wp-content\/uploads\/2025\/07\/About-Us-768x512.webp 768w, https:\/\/draxis.gr\/wp-content\/uploads\/2025\/07\/About-Us-1536x1025.webp 1536w, https:\/\/draxis.gr\/wp-content\/uploads\/2025\/07\/About-Us-18x12.webp 18w, https:\/\/draxis.gr\/wp-content\/uploads\/2025\/07\/About-Us.webp 2000w\" sizes=\"(max-width: 800px) 100vw, 800px\">\t\t\t\t\t\t\t\t\t\t\t\t\t\t\t<\/div>\n\t\t\t\t<\/div>\n\t\t\t\t<\/div>\n\t\t\t\t\t<\/div>\n\t\t\t\t<\/div>\n\t\t\t\t<\/div>\n\t\t<div class=\"elementor-element elementor-element-bd65663 e-con-full page-wrapper e-flex e-con e-parent\" data-id=\"bd65663\" data-element_type=\"container\" data-e-type=\"container\">\n\t\t<div class=\"elementor-element elementor-element-30d4dc5 e-flex e-con-boxed e-con e-child\" data-id=\"30d4dc5\" data-element_type=\"container\" data-e-type=\"container\">\n\t\t\t\t\t<div class=\"e-con-inner\">\n\t\t<div class=\"elementor-element elementor-element-4528379 e-con-full e-flex e-con e-child\" data-id=\"4528379\" data-element_type=\"container\" data-e-type=\"container\">\n\t\t\t\t<div class=\"elementor-element elementor-element-38b203b elementor-widget elementor-widget-image\" data-id=\"38b203b\" data-element_type=\"widget\" data-e-type=\"widget\" data-widget_type=\"image.default\">\n\t\t\t\t<div class=\"elementor-widget-container\">\n\t\t\t\t\t\t\t\t\t\t\t\t\t\t\t<img decoding=\"async\" width=\"656\" height=\"576\" src=\"https:\/\/draxis.gr\/wp-content\/uploads\/2023\/10\/draxis-gallery-1.webp\" class=\"attachment-large size-large wp-image-4219\" alt=\"draxis gallery 1\" srcset=\"https:\/\/draxis.gr\/wp-content\/uploads\/2023\/10\/draxis-gallery-1.webp 656w, https:\/\/draxis.gr\/wp-content\/uploads\/2023\/10\/draxis-gallery-1-300x263.webp 300w\" sizes=\"(max-width: 656px) 100vw, 656px\">\t\t\t\t\t\t\t\t\t\t\t\t\t\t\t<\/div>\n\t\t\t\t<\/div>\n\t\t\t\t<\/div>\n\t\t<div class=\"elementor-element elementor-element-444e3da e-con-full e-flex e-con e-child\" data-id=\"444e3da\" data-element_type=\"container\" data-e-type=\"container\">\n\t\t\t\t<div class=\"elementor-element elementor-element-58b1c05 elementor-widget elementor-widget-text-editor\" data-id=\"58b1c05\" data-element_type=\"widget\" data-e-type=\"widget\" data-widget_type=\"text-editor.default\">\n\t\t\t\t<div class=\"elementor-widget-container\">\n\t\t\t\t\t\t\t\t\t<p>Ayant r\u00e9alis\u00e9 un grand nombre d'\u00e9tudes environnementales pour les secteurs public et priv\u00e9, ainsi que pour la Commission europ\u00e9enne, DRAXIS peut garantir le d\u00e9veloppement et la gestion r\u00e9ussis d'un large \u00e9ventail de cas d'\u00e9tudes environnementales.<\/p><p>Avec une \u00e9quipe de professionnels passionn\u00e9s issus d'horizons divers - physiciens, ing\u00e9nieurs, g\u00e9ologues, agronomes, ing\u00e9nieurs en informatique - nous nous engageons \u00e0 fournir l'excellence et la durabilit\u00e9 dans chaque projet que nous entreprenons. Notre pr\u00e9sence de longue date dans l'industrie souligne notre engagement \u00e0 fournir des solutions fiables et efficaces qui aident nos clients \u00e0 atteindre leurs objectifs environnementaux avec confiance et efficacit\u00e9.<\/p>\t\t\t\t\t\t\t\t<\/div>\n\t\t\t\t<\/div>\n\t\t\t\t<\/div>\n\t\t\t\t\t<\/div>\n\t\t\t\t<\/div>\n\t\t\t\t<\/div>\n\t\t<div class=\"elementor-element elementor-element-fb65ab7 e-con-full page-wrapper e-flex e-con e-parent\" data-id=\"fb65ab7\" data-element_type=\"container\" data-e-type=\"container\" data-settings='{\"background_background\":\"classic\"}'>\n\t\t<div class=\"elementor-element elementor-element-ab56a11 white e-flex e-con-boxed e-con e-child\" data-id=\"ab56a11\" data-element_type=\"container\" data-e-type=\"container\" data-settings='{\"background_background\":\"classic\"}'>\n\t\t\t\t\t<div class=\"e-con-inner\">\n\t\t<div class=\"elementor-element elementor-element-155542d e-con-full e-flex e-con e-child\" data-id=\"155542d\" data-element_type=\"container\" data-e-type=\"container\">\n\t\t\t\t<div class=\"elementor-element elementor-element-e12e7f4 elementor-widget elementor-widget-counter\" data-id=\"e12e7f4\" data-element_type=\"widget\" data-e-type=\"widget\" data-widget_type=\"counter.default\">\n\t\t\t\t<div class=\"elementor-widget-container\">\n\t\t\t\t\t\t\t<div class=\"elementor-counter\">\n\t\t\t<div class=\"elementor-counter-title\">DES ANN\u00c9ES DE SUCC\u00c8S DEPUIS LA CR\u00c9ATION DE L'ENTREPRISE EN 2000<\/div>\t\t\t<div class=\"elementor-counter-number-wrapper\">\n\t\t\t\t<span class=\"elementor-counter-number-prefix\"><\/span>\n\t\t\t\t<span class=\"elementor-counter-number\" data-duration=\"2000\" data-to-value=\"20\" data-from-value=\"0\">0<\/span>\n\t\t\t\t<span class=\"elementor-counter-number-suffix\">+<\/span>\n\t\t\t<\/div>\n\t\t<\/div>\n\t\t\t\t\t\t<\/div>\n\t\t\t\t<\/div>\n\t\t\t\t<\/div>\n\t\t<div class=\"elementor-element elementor-element-c130985 e-con-full e-flex e-con e-child\" data-id=\"c130985\" data-element_type=\"container\" data-e-type=\"container\">\n\t\t\t\t<div class=\"elementor-element elementor-element-74f3836 elementor-widget elementor-widget-counter\" data-id=\"74f3836\" data-element_type=\"widget\" data-e-type=\"widget\" data-widget_type=\"counter.default\">\n\t\t\t\t<div class=\"elementor-widget-container\">\n\t\t\t\t\t\t\t<div class=\"elementor-counter\">\n\t\t\t<div class=\"elementor-counter-title\">PROJETS R\u00c9ALIS\u00c9S<\/div>\t\t\t<div class=\"elementor-counter-number-wrapper\">\n\t\t\t\t<span class=\"elementor-counter-number-prefix\"><\/span>\n\t\t\t\t<span class=\"elementor-counter-number\" data-duration=\"2000\" data-to-value=\"600\" data-from-value=\"0\">0<\/span>\n\t\t\t\t<span class=\"elementor-counter-number-suffix\">+<\/span>\n\t\t\t<\/div>\n\t\t<\/div>\n\t\t\t\t\t\t<\/div>\n\t\t\t\t<\/div>\n\t\t\t\t<\/div>\n\t\t<div class=\"elementor-element elementor-element-d873c19 e-con-full e-flex e-con e-child\" data-id=\"d873c19\" data-element_type=\"container\" data-e-type=\"container\">\n\t\t\t\t<div class=\"elementor-element elementor-element-f5ea99c elementor-widget elementor-widget-counter\" data-id=\"f5ea99c\" data-element_type=\"widget\" data-e-type=\"widget\" data-widget_type=\"counter.default\">\n\t\t\t\t<div class=\"elementor-widget-container\">\n\t\t\t\t\t\t\t<div class=\"elementor-counter\">\n\t\t\t<div class=\"elementor-counter-title\">DES EMPLOY\u00c9S SP\u00c9CIALIS\u00c9S DANS L'ING\u00c9NIERIE, LA GESTION DE PROJETS ET LE D\u00c9VELOPPEMENT DE LOGICIELS<\/div>\t\t\t<div class=\"elementor-counter-number-wrapper\">\n\t\t\t\t<span class=\"elementor-counter-number-prefix\"><\/span>\n\t\t\t\t<span class=\"elementor-counter-number\" data-duration=\"2000\" data-to-value=\"60\" data-from-value=\"0\">0<\/span>\n\t\t\t\t<span class=\"elementor-counter-number-suffix\">+<\/span>\n\t\t\t<\/div>\n\t\t<\/div>\n\t\t\t\t\t\t<\/div>\n\t\t\t\t<\/div>\n\t\t\t\t<\/div>\n\t\t\t\t\t<\/div>\n\t\t\t\t<\/div>\n\t\t\t\t<\/div>\n\t\t<div class=\"elementor-element elementor-element-163c063 e-con-full e-flex e-con e-parent\" data-id=\"163c063\" data-element_type=\"container\" data-e-type=\"container\">\n\t\t<div class=\"elementor-element elementor-element-151dcd0 e-flex e-con-boxed e-con e-child\" data-id=\"151dcd0\" data-element_type=\"container\" data-e-type=\"container\">\n\t\t\t\t\t<div class=\"e-con-inner\">\n\t\t<div class=\"elementor-element elementor-element-2844f39 m0 e-flex e-con-boxed e-con e-child\" data-id=\"2844f39\" data-element_type=\"container\" data-e-type=\"container\">\n\t\t\t\t\t<div class=\"e-con-inner\">\n\t\t\t\t<div class=\"elementor-element elementor-element-f765dbe elementor-widget elementor-widget-heading\" data-id=\"f765dbe\" data-element_type=\"widget\" data-e-type=\"widget\" data-widget_type=\"heading.default\">\n\t\t\t\t<div class=\"elementor-widget-container\">\n\t\t\t\t\t<h2 class=\"elementor-heading-title elementor-size-default\">notre \u00e9quipe<\/h2>\t\t\t\t<\/div>\n\t\t\t\t<\/div>\n\t\t\t\t<div class=\"elementor-element elementor-element-1ce4d6f p1 elementor-widget elementor-widget-text-editor\" data-id=\"1ce4d6f\" data-element_type=\"widget\" data-e-type=\"widget\" data-widget_type=\"text-editor.default\">\n\t\t\t\t<div class=\"elementor-widget-container\">\n\t\t\t\t\t\t\t\t\t<p>Nous sommes une \u00e9quipe diversifi\u00e9e de plus de 60 personnes talentueuses qui sont passionn\u00e9es par l'utilisation de la science et de la technologie pour relever les d\u00e9fis environnementaux et cr\u00e9er de la valeur pour notre soci\u00e9t\u00e9. Notre si\u00e8ge se trouve \u00e0 Thessalonique et nous avons \u00e9galement une succursale \u00e0 Ath\u00e8nes.<\/p>\t\t\t\t\t\t\t\t<\/div>\n\t\t\t\t<\/div>\n\t\t\t\t\t<\/div>\n\t\t\t\t<\/div>\n\t\t\t\t\t<\/div>\n\t\t\t\t<\/div>\n\t\t\t\t<\/div>\n\t\t<div class=\"elementor-element elementor-element-4df8653 e-con-full e-flex e-con e-parent\" data-id=\"4df8653\" data-element_type=\"container\" data-e-type=\"container\">\n\t\t\t\t<div class=\"elementor-element elementor-element-78564e3 elementor-align-center b1 b-full elementor-widget elementor-widget-button\" data-id=\"78564e3\" data-element_type=\"widget\" data-e-type=\"widget\" data-widget_type=\"button.default\">\n\t\t\t\t<div class=\"elementor-widget-container\">\n\t\t\t\t\t\t\t\t\t<div class=\"elementor-button-wrapper\">\n\t\t\t\t\t<a class=\"elementor-button elementor-button-link elementor-size-sm\" href=\"\/fr\/workwith\/\">\n\t\t\t\t\t\t<span class=\"elementor-button-content-wrapper\">\n\t\t\t\t\t\t\t\t\t<span class=\"elementor-button-text\">TRAVAILLER AVEC NOUS<\/span>\n\t\t\t\t\t<\/span>\n\t\t\t\t\t<\/a>\n\t\t\t\t<\/div>\n\t\t\t\t\t\t\t\t<\/div>\n\t\t\t\t<\/div>\n\t\t\t\t<\/div>\n\t\t\t\t<\/div>","protected":false},"excerpt":{"rendered":"<p>Our journey Founded in Thessaloniki in 2000, DRAXIS has been a leading force in environmental engineering, software development, and user experience design. For over two decades, we have been dedicated to revolutionizing the environmental sector through innovative ICT solutions. Our journey began with a clear mission: to redefine the boundaries of environmental technology and provide [&hellip;]<\/p>\n","protected":false},"author":1,"featured_media":0,"parent":0,"menu_order":0,"comment_status":"closed","ping_status":"closed","template":"","meta":{"_acf_changed":false,"_monsterinsights_skip_tracking":false,"_monsterinsights_sitenote_active":false,"_monsterinsights_sitenote_note":"","_monsterinsights_sitenote_category":0,"footnotes":""},"class_list":["post-757","page","type-page","status-publish","hentry"],"acf":[],"yoast_head":"<!-- This site is optimized with the Yoast SEO plugin v27.3 - https:\/\/yoast.com\/product\/yoast-seo-wordpress\/ -->\n<title>About Us - Draxis Environmental<\/title>\n<meta name=\"robots\" content=\"index, follow, max-snippet:-1, max-image-preview:large, max-video-preview:-1\" \/>\n<link rel=\"canonical\" href=\"https:\/\/draxis.gr\/fr\/about-us\/\" \/>\n<meta property=\"og:locale\" content=\"fr_FR\" \/>\n<meta property=\"og:type\" content=\"article\" \/>\n<meta property=\"og:title\" content=\"About Us - Draxis Environmental\" \/>\n<meta property=\"og:description\" content=\"Our journey Founded in Thessaloniki in 2000, DRAXIS has been a leading force in environmental engineering, software development, and user experience design. For over two decades, we have been dedicated to revolutionizing the environmental sector through innovative ICT solutions. Our journey began with a clear mission: to redefine the boundaries of environmental technology and provide [&hellip;]\" \/>\n<meta property=\"og:url\" content=\"https:\/\/draxis.gr\/fr\/about-us\/\" \/>\n<meta property=\"og:site_name\" content=\"Draxis Environmental\" \/>\n<meta property=\"article:publisher\" content=\"https:\/\/www.facebook.com\/Draxisenvironmental\" \/>\n<meta property=\"article:modified_time\" content=\"2025-12-03T15:23:27+00:00\" \/>\n<meta property=\"og:image\" content=\"https:\/\/draxis.gr\/wp-content\/uploads\/2025\/07\/About-Us.webp\" \/>\n\t<meta property=\"og:image:width\" content=\"2000\" \/>\n\t<meta property=\"og:image:height\" content=\"1334\" \/>\n\t<meta property=\"og:image:type\" content=\"image\/webp\" \/>\n<meta name=\"twitter:card\" content=\"summary_large_image\" \/>\n<meta name=\"twitter:site\" content=\"@draxisenv\" \/>\n<meta name=\"twitter:label1\" content=\"Dur\u00e9e de lecture estim\u00e9e\" \/>\n\t<meta name=\"twitter:data1\" content=\"2 minutes\" \/>\n<script type=\"application\/ld+json\" class=\"yoast-schema-graph\">{\"@context\":\"https:\\\/\\\/schema.org\",\"@graph\":[{\"@type\":\"WebPage\",\"@id\":\"https:\\\/\\\/draxis.gr\\\/fr\\\/about-us\\\/\",\"url\":\"https:\\\/\\\/draxis.gr\\\/fr\\\/about-us\\\/\",\"name\":\"About Us - Draxis Environmental\",\"isPartOf\":{\"@id\":\"https:\\\/\\\/draxis.gr\\\/fr\\\/#website\"},\"primaryImageOfPage\":{\"@id\":\"https:\\\/\\\/draxis.gr\\\/fr\\\/about-us\\\/#primaryimage\"},\"image\":{\"@id\":\"https:\\\/\\\/draxis.gr\\\/fr\\\/about-us\\\/#primaryimage\"},\"thumbnailUrl\":\"https:\\\/\\\/draxis.gr\\\/wp-content\\\/uploads\\\/2025\\\/07\\\/About-Us-1024x683.webp\",\"datePublished\":\"2023-10-05T16:29:47+00:00\",\"dateModified\":\"2025-12-03T15:23:27+00:00\",\"inLanguage\":\"fr-FR\",\"potentialAction\":[{\"@type\":\"ReadAction\",\"target\":[\"https:\\\/\\\/draxis.gr\\\/fr\\\/about-us\\\/\"]}]},{\"@type\":\"ImageObject\",\"inLanguage\":\"fr-FR\",\"@id\":\"https:\\\/\\\/draxis.gr\\\/fr\\\/about-us\\\/#primaryimage\",\"url\":\"https:\\\/\\\/draxis.gr\\\/wp-content\\\/uploads\\\/2025\\\/07\\\/About-Us-1024x683.webp\",\"contentUrl\":\"https:\\\/\\\/draxis.gr\\\/wp-content\\\/uploads\\\/2025\\\/07\\\/About-Us-1024x683.webp\"},{\"@type\":\"WebSite\",\"@id\":\"https:\\\/\\\/draxis.gr\\\/fr\\\/#website\",\"url\":\"https:\\\/\\\/draxis.gr\\\/fr\\\/\",\"name\":\"DRAXIS website\",\"description\":\"Where Digital Transformation meets the environment.\",\"publisher\":{\"@id\":\"https:\\\/\\\/draxis.gr\\\/fr\\\/#organization\"},\"potentialAction\":[{\"@type\":\"SearchAction\",\"target\":{\"@type\":\"EntryPoint\",\"urlTemplate\":\"https:\\\/\\\/draxis.gr\\\/fr\\\/?s={search_term_string}\"},\"query-input\":{\"@type\":\"PropertyValueSpecification\",\"valueRequired\":true,\"valueName\":\"search_term_string\"}}],\"inLanguage\":\"fr-FR\"},{\"@type\":\"Organization\",\"@id\":\"https:\\\/\\\/draxis.gr\\\/fr\\\/#organization\",\"name\":\"DRAXIS\",\"alternateName\":\"DRAXIS ENVIRONMENTAL S.A.\",\"url\":\"https:\\\/\\\/draxis.gr\\\/fr\\\/\",\"logo\":{\"@type\":\"ImageObject\",\"inLanguage\":\"fr-FR\",\"@id\":\"https:\\\/\\\/draxis.gr\\\/fr\\\/#\\\/schema\\\/logo\\\/image\\\/\",\"url\":\"https:\\\/\\\/draxis.gr\\\/wp-content\\\/uploads\\\/2024\\\/02\\\/cropped-draxis-favicon-black-1.png\",\"contentUrl\":\"https:\\\/\\\/draxis.gr\\\/wp-content\\\/uploads\\\/2024\\\/02\\\/cropped-draxis-favicon-black-1.png\",\"width\":512,\"height\":512,\"caption\":\"DRAXIS\"},\"image\":{\"@id\":\"https:\\\/\\\/draxis.gr\\\/fr\\\/#\\\/schema\\\/logo\\\/image\\\/\"},\"sameAs\":[\"https:\\\/\\\/www.facebook.com\\\/Draxisenvironmental\",\"https:\\\/\\\/x.com\\\/draxisenv\",\"https:\\\/\\\/www.linkedin.com\\\/company\\\/draxis-sa\"]}]}<\/script>\n<!-- \/ Yoast SEO plugin. -->","yoast_head_json":{"title":"About Us - Draxis Environmental","robots":{"index":"index","follow":"follow","max-snippet":"max-snippet:-1","max-image-preview":"max-image-preview:large","max-video-preview":"max-video-preview:-1"},"canonical":"https:\/\/draxis.gr\/fr\/about-us\/","og_locale":"fr_FR","og_type":"article","og_title":"About Us - Draxis Environmental","og_description":"Our journey Founded in Thessaloniki in 2000, DRAXIS has been a leading force in environmental engineering, software development, and user experience design. For over two decades, we have been dedicated to revolutionizing the environmental sector through innovative ICT solutions. Our journey began with a clear mission: to redefine the boundaries of environmental technology and provide [&hellip;]","og_url":"https:\/\/draxis.gr\/fr\/about-us\/","og_site_name":"Draxis Environmental","article_publisher":"https:\/\/www.facebook.com\/Draxisenvironmental","article_modified_time":"2025-12-03T15:23:27+00:00","og_image":[{"width":2000,"height":1334,"url":"https:\/\/draxis.gr\/wp-content\/uploads\/2025\/07\/About-Us.webp","type":"image\/webp"}],"twitter_card":"summary_large_image","twitter_site":"@draxisenv","twitter_misc":{"Dur\u00e9e de lecture estim\u00e9e":"2 minutes"},"schema":{"@context":"https:\/\/schema.org","@graph":[{"@type":"WebPage","@id":"https:\/\/draxis.gr\/fr\/about-us\/","url":"https:\/\/draxis.gr\/fr\/about-us\/","name":"About Us - Draxis Environmental","isPartOf":{"@id":"https:\/\/draxis.gr\/fr\/#website"},"primaryImageOfPage":{"@id":"https:\/\/draxis.gr\/fr\/about-us\/#primaryimage"},"image":{"@id":"https:\/\/draxis.gr\/fr\/about-us\/#primaryimage"},"thumbnailUrl":"https:\/\/draxis.gr\/wp-content\/uploads\/2025\/07\/About-Us-1024x683.webp","datePublished":"2023-10-05T16:29:47+00:00","dateModified":"2025-12-03T15:23:27+00:00","inLanguage":"fr-FR","potentialAction":[{"@type":"ReadAction","target":["https:\/\/draxis.gr\/fr\/about-us\/"]}]},{"@type":"ImageObject","inLanguage":"fr-FR","@id":"https:\/\/draxis.gr\/fr\/about-us\/#primaryimage","url":"https:\/\/draxis.gr\/wp-content\/uploads\/2025\/07\/About-Us-1024x683.webp","contentUrl":"https:\/\/draxis.gr\/wp-content\/uploads\/2025\/07\/About-Us-1024x683.webp"},{"@type":"WebSite","@id":"https:\/\/draxis.gr\/fr\/#website","url":"https:\/\/draxis.gr\/fr\/","name":"DRAXIS website","description":"Where Digital Transformation meets the environment.","publisher":{"@id":"https:\/\/draxis.gr\/fr\/#organization"},"potentialAction":[{"@type":"SearchAction","target":{"@type":"EntryPoint","urlTemplate":"https:\/\/draxis.gr\/fr\/?s={search_term_string}"},"query-input":{"@type":"PropertyValueSpecification","valueRequired":true,"valueName":"search_term_string"}}],"inLanguage":"fr-FR"},{"@type":"Organization","@id":"https:\/\/draxis.gr\/fr\/#organization","name":"DRAXIS","alternateName":"DRAXIS ENVIRONMENTAL S.A.","url":"https:\/\/draxis.gr\/fr\/","logo":{"@type":"ImageObject","inLanguage":"fr-FR","@id":"https:\/\/draxis.gr\/fr\/#\/schema\/logo\/image\/","url":"https:\/\/draxis.gr\/wp-content\/uploads\/2024\/02\/cropped-draxis-favicon-black-1.png","contentUrl":"https:\/\/draxis.gr\/wp-content\/uploads\/2024\/02\/cropped-draxis-favicon-black-1.png","width":512,"height":512,"caption":"DRAXIS"},"image":{"@id":"https:\/\/draxis.gr\/fr\/#\/schema\/logo\/image\/"},"sameAs":["https:\/\/www.facebook.com\/Draxisenvironmental","https:\/\/x.com\/draxisenv","https:\/\/www.linkedin.com\/company\/draxis-sa"]}]}},"_links":{"self":[{"href":"https:\/\/draxis.gr\/fr\/wp-json\/wp\/v2\/pages\/757","targetHints":{"allow":["GET"]}}],"collection":[{"href":"https:\/\/draxis.gr\/fr\/wp-json\/wp\/v2\/pages"}],"about":[{"href":"https:\/\/draxis.gr\/fr\/wp-json\/wp\/v2\/types\/page"}],"author":[{"embeddable":true,"href":"https:\/\/draxis.gr\/fr\/wp-json\/wp\/v2\/users\/1"}],"replies":[{"embeddable":true,"href":"https:\/\/draxis.gr\/fr\/wp-json\/wp\/v2\/comments?post=757"}],"version-history":[{"count":5,"href":"https:\/\/draxis.gr\/fr\/wp-json\/wp\/v2\/pages\/757\/revisions"}],"predecessor-version":[{"id":8324,"href":"https:\/\/draxis.gr\/fr\/wp-json\/wp\/v2\/pages\/757\/revisions\/8324"}],"wp:attachment":[{"href":"https:\/\/draxis.gr\/fr\/wp-json\/wp\/v2\/media?parent=757"}],"curies":[{"name":"wp","href":"https:\/\/api.w.org\/{rel}","templated":true}]}}