{"id":755,"date":"2023-10-05T19:28:22","date_gmt":"2023-10-05T16:28:22","guid":{"rendered":"https:\/\/draxis.gr\/?page_id=755"},"modified":"2025-07-30T13:16:36","modified_gmt":"2025-07-30T10:16:36","slug":"ventures","status":"publish","type":"page","link":"https:\/\/draxis.gr\/fr\/ventures\/","title":{"rendered":"Projets de recherche"},"content":{"rendered":"<div data-elementor-type=\"wp-page\" data-elementor-id=\"755\" class=\"elementor elementor-755\" data-elementor-post-type=\"page\">\n\t\t\t\t<div class=\"elementor-element elementor-element-2dc7e3a e-con-full e-flex e-con e-parent\" data-id=\"2dc7e3a\" data-element_type=\"container\" data-e-type=\"container\">\n\t\t<div class=\"elementor-element elementor-element-efd7ba0 e-flex e-con-boxed e-con e-child\" data-id=\"efd7ba0\" data-element_type=\"container\" data-e-type=\"container\" id=\"ventures-black\" data-settings='{\"background_background\":\"classic\"}'>\n\t\t\t\t\t<div class=\"e-con-inner\">\n\t\t<div class=\"elementor-element elementor-element-f1578ad white page-wrapper e-flex e-con-boxed e-con e-child\" data-id=\"f1578ad\" data-element_type=\"container\" data-e-type=\"container\">\n\t\t\t\t\t<div class=\"e-con-inner\">\n\t\t\t\t<div class=\"elementor-element elementor-element-16ac46a elementor-widget elementor-widget-heading\" data-id=\"16ac46a\" data-element_type=\"widget\" data-e-type=\"widget\" data-widget_type=\"heading.default\">\n\t\t\t\t<div class=\"elementor-widget-container\">\n\t\t\t\t\t<h2 class=\"elementor-heading-title elementor-size-default\">Draxis Research Ventures<\/h2>\t\t\t\t<\/div>\n\t\t\t\t<\/div>\n\t\t\t\t<div class=\"elementor-element elementor-element-d9c47f9 p1 m0 elementor-widget elementor-widget-text-editor\" data-id=\"d9c47f9\" data-element_type=\"widget\" data-e-type=\"widget\" data-widget_type=\"text-editor.default\">\n\t\t\t\t<div class=\"elementor-widget-container\">\n\t\t\t\t\t\t\t\t\t<p><span class=\"TextRun SCXW158533743 BCX0\" lang=\"EN-US\" xml:lang=\"EN-US\" data-contrast=\"auto\"><span class=\"NormalTextRun SCXW158533743 BCX0\">Apr\u00e8s plus de 20 ans en tant que fournisseur de solutions TIC dynamiques et innovantes dans le domaine de l'environnement, DRAXIS <\/span><span class=\"NormalTextRun SCXW158533743 BCX0\">a pris la d\u00e9cision strat\u00e9gique de renforcer son orientation vers la recherche<\/span><span class=\"NormalTextRun SCXW158533743 BCX0\">.<\/span><span class=\"NormalTextRun SCXW158533743 BCX0\"> Cela a conduit \u00e0 la cr\u00e9ation de <\/span><\/span><span class=\"TextRun SCXW158533743 BCX0\" lang=\"EN-US\" xml:lang=\"EN-US\" data-contrast=\"none\"><span class=\"NormalTextRun SpellingErrorV2Themed SCXW158533743 BCX0\">DReVen<\/span><\/span><span class=\"TextRun SCXW158533743 BCX0\" lang=\"EN-US\" xml:lang=\"EN-US\" data-contrast=\"auto\"><span class=\"NormalTextRun SCXW158533743 BCX0\">, <\/span><span class=\"NormalTextRun SCXW158533743 BCX0\">une organisation \u00e0 but non lucratif <\/span><span class=\"NormalTextRun SCXW158533743 BCX0\">\u00e9tabli<\/span><span class=\"NormalTextRun SCXW158533743 BCX0\"> en 2021 en tant qu'entreprise d\u00e9riv\u00e9e, d\u00e9di\u00e9e aux <\/span><span class=\"NormalTextRun SCXW158533743 BCX0\">encourager les activit\u00e9s de recherche et de d\u00e9veloppement au plus haut niveau.\u00a0<\/span><\/span><span class=\"EOP SCXW158533743 BCX0\" data-ccp-props='{\"134245418\":true,\"134245529\":true}'>\u00a0<\/span><\/p>\t\t\t\t\t\t\t\t<\/div>\n\t\t\t\t<\/div>\n\t\t\t\t\t<\/div>\n\t\t\t\t<\/div>\n\t\t<div class=\"elementor-element elementor-element-c699398 e-con-full e-flex e-con e-child\" data-id=\"c699398\" data-element_type=\"container\" data-e-type=\"container\" data-settings='{\"background_background\":\"classic\"}'>\n\t\t\t\t<\/div>\n\t\t<div class=\"elementor-element elementor-element-b6911f9 e-con-full white page-wrapper e-flex e-con e-child\" data-id=\"b6911f9\" data-element_type=\"container\" data-e-type=\"container\">\n\t\t<div class=\"elementor-element elementor-element-4fe896c elementor-hidden-desktop elementor-hidden-tablet_extra e-flex e-con-boxed e-con e-child\" data-id=\"4fe896c\" data-element_type=\"container\" data-e-type=\"container\">\n\t\t\t\t\t<div class=\"e-con-inner\">\n\t\t\t\t<div class=\"elementor-element elementor-element-ac55bbd elementor-widget elementor-widget-heading\" data-id=\"ac55bbd\" data-element_type=\"widget\" data-e-type=\"widget\" data-widget_type=\"heading.default\">\n\t\t\t\t<div class=\"elementor-widget-container\">\n\t\t\t\t\t<h3 class=\"elementor-heading-title elementor-size-default\">Renforcer la R&amp;D dans le domaine de l'environnement<\/h3>\t\t\t\t<\/div>\n\t\t\t\t<\/div>\n\t\t\t\t\t<\/div>\n\t\t\t\t<\/div>\n\t\t<div class=\"elementor-element elementor-element-fb82205 e-con-full e-flex e-con e-child\" data-id=\"fb82205\" data-element_type=\"container\" data-e-type=\"container\">\n\t\t\t\t<div class=\"elementor-element elementor-element-76a78e3 elementor-widget elementor-widget-image\" data-id=\"76a78e3\" data-element_type=\"widget\" data-e-type=\"widget\" data-widget_type=\"image.default\">\n\t\t\t\t<div class=\"elementor-widget-container\">\n\t\t\t\t\t\t\t\t\t\t\t\t\t\t\t<img fetchpriority=\"high\" decoding=\"async\" width=\"800\" height=\"534\" src=\"https:\/\/draxis.gr\/wp-content\/uploads\/2025\/07\/research-ventures-1-1024x683.webp\" class=\"attachment-large size-large wp-image-7670\" alt=\"research ventures 1\" srcset=\"https:\/\/draxis.gr\/wp-content\/uploads\/2025\/07\/research-ventures-1-1024x683.webp 1024w, https:\/\/draxis.gr\/wp-content\/uploads\/2025\/07\/research-ventures-1-300x200.webp 300w, https:\/\/draxis.gr\/wp-content\/uploads\/2025\/07\/research-ventures-1-768x512.webp 768w, https:\/\/draxis.gr\/wp-content\/uploads\/2025\/07\/research-ventures-1-1536x1025.webp 1536w, https:\/\/draxis.gr\/wp-content\/uploads\/2025\/07\/research-ventures-1-18x12.webp 18w, https:\/\/draxis.gr\/wp-content\/uploads\/2025\/07\/research-ventures-1.webp 2000w\" sizes=\"(max-width: 800px) 100vw, 800px\">\t\t\t\t\t\t\t\t\t\t\t\t\t\t\t<\/div>\n\t\t\t\t<\/div>\n\t\t\t\t<\/div>\n\t\t<div class=\"elementor-element elementor-element-40f9111 e-flex e-con-boxed e-con e-child\" data-id=\"40f9111\" data-element_type=\"container\" data-e-type=\"container\">\n\t\t\t\t\t<div class=\"e-con-inner\">\n\t\t\t\t<div class=\"elementor-element elementor-element-aed4c4d elementor-hidden-tablet elementor-hidden-mobile elementor-widget elementor-widget-heading\" data-id=\"aed4c4d\" data-element_type=\"widget\" data-e-type=\"widget\" data-widget_type=\"heading.default\">\n\t\t\t\t<div class=\"elementor-widget-container\">\n\t\t\t\t\t<h3 class=\"elementor-heading-title elementor-size-default\">Renforcer la R&amp;D dans le domaine de l'environnement<\/h3>\t\t\t\t<\/div>\n\t\t\t\t<\/div>\n\t\t\t\t<div class=\"elementor-element elementor-element-f45d266 elementor-widget elementor-widget-text-editor\" data-id=\"f45d266\" data-element_type=\"widget\" data-e-type=\"widget\" data-widget_type=\"text-editor.default\">\n\t\t\t\t<div class=\"elementor-widget-container\">\n\t\t\t\t\t\t\t\t\t<p><b>D<\/b>raxis <b>Re<\/b>seach <b>Ven<\/b>tures <span data-contrast=\"none\">h\u00e9rite de l'h\u00e9ritage de deux d\u00e9cennies de DRAXIS et de son exp\u00e9rience en mati\u00e8re de conseil environnemental, de d\u00e9veloppement de solutions TIC et de mise en \u0153uvre r\u00e9ussie de plus de 60 projets FP7, H2020 et HE.\u00a0<\/span><span data-ccp-props='{\"134245418\":true,\"134245529\":true}'>\u00a0<\/span><\/p><p><span data-contrast=\"auto\">Elle s'appuie sur un vaste r\u00e9seau de professionnels de haut niveau et sur les technologies de pointe de sa soci\u00e9t\u00e9 m\u00e8re,<\/span><span data-contrast=\"none\"> DReVen<\/span><span data-contrast=\"auto\"> est bien plac\u00e9e pour explorer de nouvelles opportunit\u00e9s commerciales, de nouveaux march\u00e9s et de nouveaux partenariats strat\u00e9giques.<\/span><span data-ccp-props='{\"134245418\":true,\"134245529\":true}'>\u00a0<\/span><\/p>\t\t\t\t\t\t\t\t<\/div>\n\t\t\t\t<\/div>\n\t\t\t\t\t<\/div>\n\t\t\t\t<\/div>\n\t\t\t\t<\/div>\n\t\t\t\t\t<\/div>\n\t\t\t\t<\/div>\n\t\t<div class=\"elementor-element elementor-element-dca28ee e-flex e-con-boxed e-con e-child\" data-id=\"dca28ee\" data-element_type=\"container\" data-e-type=\"container\" data-settings='{\"background_background\":\"classic\"}'>\n\t\t\t\t\t<div class=\"e-con-inner\">\n\t\t<div class=\"elementor-element elementor-element-83ea483 e-con-full e-flex e-con e-child\" data-id=\"83ea483\" data-element_type=\"container\" data-e-type=\"container\" id=\"ventures-middle\" data-settings='{\"background_background\":\"classic\"}'>\n\t\t\t\t<div class=\"elementor-element elementor-element-6abf502 elementor-widget elementor-widget-heading\" data-id=\"6abf502\" data-element_type=\"widget\" data-e-type=\"widget\" data-widget_type=\"heading.default\">\n\t\t\t\t<div class=\"elementor-widget-container\">\n\t\t\t\t\t<h3 class=\"elementor-heading-title elementor-size-default\">\"NOTRE VISION EST DE DEVENIR LA PRINCIPALE SOURCE D'ID\u00c9ES INNOVANTES ET D'\u00c9QUIPES PIONNI\u00c8RES EN MATI\u00c8RE DE SOLUTIONS SCIENTIFIQUES ENVIRONNEMENTALES\".<\/h3>\t\t\t\t<\/div>\n\t\t\t\t<\/div>\n\t\t\t\t<\/div>\n\t\t\t\t\t<\/div>\n\t\t\t\t<\/div>\n\t\t<div class=\"elementor-element elementor-element-0ed6018 e-flex e-con-boxed e-con e-child\" data-id=\"0ed6018\" data-element_type=\"container\" data-e-type=\"container\">\n\t\t\t\t\t<div class=\"e-con-inner\">\n\t\t<div class=\"elementor-element elementor-element-c3f9793 e-con-full e-flex e-con e-child\" data-id=\"c3f9793\" data-element_type=\"container\" data-e-type=\"container\">\n\t\t\t\t<div class=\"elementor-element elementor-element-6a0b761 elementor-widget elementor-widget-icon-box\" data-id=\"6a0b761\" data-element_type=\"widget\" data-e-type=\"widget\" data-widget_type=\"icon-box.default\">\n\t\t\t\t<div class=\"elementor-widget-container\">\n\t\t\t\t\t\t\t<div class=\"elementor-icon-box-wrapper\">\n\n\t\t\t\n\t\t\t\t\t\t<div class=\"elementor-icon-box-content\">\n\n\t\t\t\t\t\t\t\t\t<h5 class=\"elementor-icon-box-title\">\n\t\t\t\t\t\t<span>\n\t\t\t\t\t\t\tid\u00e9es et produits\t\t\t\t\t\t<\/span>\n\t\t\t\t\t<\/h5>\n\t\t\t\t\n\t\t\t\t\t\t\t\t\t<p class=\"elementor-icon-box-description\">\n\t\t\t\t\t\tD\u00e9velopper des id\u00e9es et des produits dans les domaines scientifiques cl\u00e9s que sont la pr\u00e9vision et la surveillance de la pollution atmosph\u00e9rique, l'\u00e9conomie circulaire, les services climatiques, la g\u00e9o-informatique et l'OT.\t\t\t\t\t<\/p>\n\t\t\t\t\n\t\t\t<\/div>\n\t\t\t\n\t\t<\/div>\n\t\t\t\t\t\t<\/div>\n\t\t\t\t<\/div>\n\t\t\t\t<\/div>\n\t\t<div class=\"elementor-element elementor-element-4105736 e-con-full e-flex e-con e-child\" data-id=\"4105736\" data-element_type=\"container\" data-e-type=\"container\">\n\t\t\t\t<div class=\"elementor-element elementor-element-d337ca8 elementor-widget elementor-widget-icon-box\" data-id=\"d337ca8\" data-element_type=\"widget\" data-e-type=\"widget\" data-widget_type=\"icon-box.default\">\n\t\t\t\t<div class=\"elementor-widget-container\">\n\t\t\t\t\t\t\t<div class=\"elementor-icon-box-wrapper\">\n\n\t\t\t\n\t\t\t\t\t\t<div class=\"elementor-icon-box-content\">\n\n\t\t\t\t\t\t\t\t\t<h5 class=\"elementor-icon-box-title\">\n\t\t\t\t\t\t<span>\n\t\t\t\t\t\t\tTransformation num\u00e9rique\t\t\t\t\t\t<\/span>\n\t\t\t\t\t<\/h5>\n\t\t\t\t\n\t\t\t\t\t\t\t\t\t<p class=\"elementor-icon-box-description\">\n\t\t\t\t\t\tContribue \u00e0 la transformation num\u00e9rique des services gouvernementaux en Gr\u00e8ce et \u00e0 l'\u00e9tranger en utilisant des fonds europ\u00e9ens et en faisant preuve d'imagination dans le cadre des services G2C et G2B.\t\t\t\t\t<\/p>\n\t\t\t\t\n\t\t\t<\/div>\n\t\t\t\n\t\t<\/div>\n\t\t\t\t\t\t<\/div>\n\t\t\t\t<\/div>\n\t\t\t\t<\/div>\n\t\t<div class=\"elementor-element elementor-element-38bb1e2 e-con-full e-flex e-con e-child\" data-id=\"38bb1e2\" data-element_type=\"container\" data-e-type=\"container\">\n\t\t\t\t<div class=\"elementor-element elementor-element-aecf8fa elementor-widget elementor-widget-icon-box\" data-id=\"aecf8fa\" data-element_type=\"widget\" data-e-type=\"widget\" data-widget_type=\"icon-box.default\">\n\t\t\t\t<div class=\"elementor-widget-container\">\n\t\t\t\t\t\t\t<div class=\"elementor-icon-box-wrapper\">\n\n\t\t\t\n\t\t\t\t\t\t<div class=\"elementor-icon-box-content\">\n\n\t\t\t\t\t\t\t\t\t<h5 class=\"elementor-icon-box-title\">\n\t\t\t\t\t\t<span>\n\t\t\t\t\t\t\tconsultation strat\u00e9gique\t\t\t\t\t\t<\/span>\n\t\t\t\t\t<\/h5>\n\t\t\t\t\n\t\t\t\t\t\t\t\t\t<p class=\"elementor-icon-box-description\">\n\t\t\t\t\t\tFournit des services de consultation strat\u00e9gique dans les domaines de l'\u00e9conomie circulaire, des services climatiques et de l'ESG en utilisant les connaissances acquises dans le cadre des projets mis en \u0153uvre ainsi que les nouvelles opportunit\u00e9s de l'\u00e8re post-covide.\t\t\t\t\t<\/p>\n\t\t\t\t\n\t\t\t<\/div>\n\t\t\t\n\t\t<\/div>\n\t\t\t\t\t\t<\/div>\n\t\t\t\t<\/div>\n\t\t\t\t<\/div>\n\t\t<div class=\"elementor-element elementor-element-0759e2a e-con-full e-flex e-con e-child\" data-id=\"0759e2a\" data-element_type=\"container\" data-e-type=\"container\">\n\t\t\t\t<div class=\"elementor-element elementor-element-702210e elementor-widget elementor-widget-icon-box\" data-id=\"702210e\" data-element_type=\"widget\" data-e-type=\"widget\" data-widget_type=\"icon-box.default\">\n\t\t\t\t<div class=\"elementor-widget-container\">\n\t\t\t\t\t\t\t<div class=\"elementor-icon-box-wrapper\">\n\n\t\t\t\n\t\t\t\t\t\t<div class=\"elementor-icon-box-content\">\n\n\t\t\t\t\t\t\t\t\t<h5 class=\"elementor-icon-box-title\">\n\t\t\t\t\t\t<span>\n\t\t\t\t\t\t\t\u03b9nnovation management (R&amp;D)\t\t\t\t\t\t<\/span>\n\t\t\t\t\t<\/h5>\n\t\t\t\t\n\t\t\t\t\t\t\t\t\t<p class=\"elementor-icon-box-description\">\n\t\t\t\t\t\tProvides innovation management (R&amp;D) services to other companies and organizations by assisting them in the proposal writing, the idea formulation and the partners finding as well as aiding with the implementation team.\t\t\t\t\t<\/p>\n\t\t\t\t\n\t\t\t<\/div>\n\t\t\t\n\t\t<\/div>\n\t\t\t\t\t\t<\/div>\n\t\t\t\t<\/div>\n\t\t\t\t<\/div>\n\t\t<div class=\"elementor-element elementor-element-d519287 e-con-full e-flex e-con e-child\" data-id=\"d519287\" data-element_type=\"container\" data-e-type=\"container\">\n\t\t\t\t<div class=\"elementor-element elementor-element-38553fb elementor-widget elementor-widget-icon-box\" data-id=\"38553fb\" data-element_type=\"widget\" data-e-type=\"widget\" data-widget_type=\"icon-box.default\">\n\t\t\t\t<div class=\"elementor-widget-container\">\n\t\t\t\t\t\t\t<div class=\"elementor-icon-box-wrapper\">\n\n\t\t\t\n\t\t\t\t\t\t<div class=\"elementor-icon-box-content\">\n\n\t\t\t\t\t\t\t\t\t<h5 class=\"elementor-icon-box-title\">\n\t\t\t\t\t\t<span>\n\t\t\t\t\t\t\tExploitation des produits\t\t\t\t\t\t<\/span>\n\t\t\t\t\t<\/h5>\n\t\t\t\t\n\t\t\t\t\t\t\t\t\t<p class=\"elementor-icon-box-description\">\n\t\t\t\t\t\tOrganise l'exploitation des connaissances scientifiques et des produits en dotant les \u00e9quipes du personnel n\u00e9cessaire, des r\u00e9seaux et des investisseurs strat\u00e9giques et, en collaboration avec les organismes de financement, en les aidant \u00e0 identifier les opportunit\u00e9s.\t\t\t\t\t<\/p>\n\t\t\t\t\n\t\t\t<\/div>\n\t\t\t\n\t\t<\/div>\n\t\t\t\t\t\t<\/div>\n\t\t\t\t<\/div>\n\t\t\t\t<\/div>\n\t\t<div class=\"elementor-element elementor-element-164b83e e-con-full white e-flex e-con e-child\" data-id=\"164b83e\" data-element_type=\"container\" data-e-type=\"container\" data-settings='{\"background_background\":\"classic\"}'>\n\t\t\t\t<div class=\"elementor-element elementor-element-ef29375 p2 elementor-widget elementor-widget-icon-box\" data-id=\"ef29375\" data-element_type=\"widget\" data-e-type=\"widget\" data-widget_type=\"icon-box.default\">\n\t\t\t\t<div class=\"elementor-widget-container\">\n\t\t\t\t\t\t\t<div class=\"elementor-icon-box-wrapper\">\n\n\t\t\t\n\t\t\t\t\t\t<div class=\"elementor-icon-box-content\">\n\n\t\t\t\t\t\t\t\t\t<h5 class=\"elementor-icon-box-title\">\n\t\t\t\t\t\t<span>\n\t\t\t\t\t\t\tcheck out our r&amp;d projects\t\t\t\t\t\t<\/span>\n\t\t\t\t\t<\/h5>\n\t\t\t\t\n\t\t\t\t\t\t\t\t\t<p class=\"elementor-icon-box-description\">\n\t\t\t\t\t\tD\u00e9couvrez nos projets visionnaires,<br>contribuer \u00e0 cr\u00e9er un avenir durable.\t\t\t\t\t<\/p>\n\t\t\t\t\n\t\t\t<\/div>\n\t\t\t\n\t\t<\/div>\n\t\t\t\t\t\t<\/div>\n\t\t\t\t<\/div>\n\t\t\t\t<div class=\"elementor-element elementor-element-5adb29f animated-button elementor-mobile-align-center elementor-widget elementor-widget-button\" data-id=\"5adb29f\" data-element_type=\"widget\" data-e-type=\"widget\" data-widget_type=\"button.default\">\n\t\t\t\t<div class=\"elementor-widget-container\">\n\t\t\t\t\t\t\t\t\t<div class=\"elementor-button-wrapper\">\n\t\t\t\t\t<a class=\"elementor-button elementor-button-link elementor-size-sm\" href=\"\/fr\/projects\/\">\n\t\t\t\t\t\t<span class=\"elementor-button-content-wrapper\">\n\t\t\t\t\t\t\t\t\t<span class=\"elementor-button-text\">PROJETS DE R&amp;D<\/span>\n\t\t\t\t\t<\/span>\n\t\t\t\t\t<\/a>\n\t\t\t\t<\/div>\n\t\t\t\t\t\t\t\t<\/div>\n\t\t\t\t<\/div>\n\t\t\t\t<\/div>\n\t\t\t\t\t<\/div>\n\t\t\t\t<\/div>\n\t\t\t\t<\/div>\n\t\t\t\t<\/div>","protected":false},"excerpt":{"rendered":"<p>DRAXIS RESEARCH VENTURES After 20+ years as a dynamic and innovative environmental ICT solution provider, DRAXIS made a strategic decision to further amplify its focus on research. This led to the creation of DReVen, a non-profit organization established in 2021 as a spin-out company, dedicated to fostering the highest level of research and development activities.\u00a0\u00a0 [&hellip;]<\/p>\n","protected":false},"author":1,"featured_media":0,"parent":0,"menu_order":0,"comment_status":"closed","ping_status":"closed","template":"","meta":{"_acf_changed":false,"_monsterinsights_skip_tracking":false,"_monsterinsights_sitenote_active":false,"_monsterinsights_sitenote_note":"","_monsterinsights_sitenote_category":0,"footnotes":""},"class_list":["post-755","page","type-page","status-publish","hentry"],"acf":[],"yoast_head":"<!-- This site is optimized with the Yoast SEO plugin v27.3 - https:\/\/yoast.com\/product\/yoast-seo-wordpress\/ -->\n<title>Research ventures - Draxis Environmental<\/title>\n<meta name=\"robots\" content=\"index, follow, max-snippet:-1, max-image-preview:large, max-video-preview:-1\" \/>\n<link rel=\"canonical\" href=\"https:\/\/draxis.gr\/fr\/ventures\/\" \/>\n<meta property=\"og:locale\" content=\"fr_FR\" \/>\n<meta property=\"og:type\" content=\"article\" \/>\n<meta property=\"og:title\" content=\"Research ventures - Draxis Environmental\" \/>\n<meta property=\"og:description\" content=\"DRAXIS RESEARCH VENTURES After 20+ years as a dynamic and innovative environmental ICT solution provider, DRAXIS made a strategic decision to further amplify its focus on research. This led to the creation of DReVen, a non-profit organization established in 2021 as a spin-out company, dedicated to fostering the highest level of research and development activities.\u00a0\u00a0 [&hellip;]\" \/>\n<meta property=\"og:url\" content=\"https:\/\/draxis.gr\/fr\/ventures\/\" \/>\n<meta property=\"og:site_name\" content=\"Draxis Environmental\" \/>\n<meta property=\"article:publisher\" content=\"https:\/\/www.facebook.com\/Draxisenvironmental\" \/>\n<meta property=\"article:modified_time\" content=\"2025-07-30T10:16:36+00:00\" \/>\n<meta property=\"og:image\" content=\"https:\/\/draxis.gr\/wp-content\/uploads\/2025\/07\/research-ventures-1.webp\" \/>\n\t<meta property=\"og:image:width\" content=\"2000\" \/>\n\t<meta property=\"og:image:height\" content=\"1334\" \/>\n\t<meta property=\"og:image:type\" content=\"image\/webp\" \/>\n<meta name=\"twitter:card\" content=\"summary_large_image\" \/>\n<meta name=\"twitter:site\" content=\"@draxisenv\" \/>\n<meta name=\"twitter:label1\" content=\"Dur\u00e9e de lecture estim\u00e9e\" \/>\n\t<meta name=\"twitter:data1\" content=\"1 minute\" \/>\n<script type=\"application\/ld+json\" class=\"yoast-schema-graph\">{\"@context\":\"https:\\\/\\\/schema.org\",\"@graph\":[{\"@type\":\"WebPage\",\"@id\":\"https:\\\/\\\/draxis.gr\\\/fr\\\/ventures\\\/\",\"url\":\"https:\\\/\\\/draxis.gr\\\/fr\\\/ventures\\\/\",\"name\":\"Research ventures - Draxis Environmental\",\"isPartOf\":{\"@id\":\"https:\\\/\\\/draxis.gr\\\/fr\\\/#website\"},\"primaryImageOfPage\":{\"@id\":\"https:\\\/\\\/draxis.gr\\\/fr\\\/ventures\\\/#primaryimage\"},\"image\":{\"@id\":\"https:\\\/\\\/draxis.gr\\\/fr\\\/ventures\\\/#primaryimage\"},\"thumbnailUrl\":\"https:\\\/\\\/draxis.gr\\\/wp-content\\\/uploads\\\/2025\\\/07\\\/research-ventures-1-1024x683.webp\",\"datePublished\":\"2023-10-05T16:28:22+00:00\",\"dateModified\":\"2025-07-30T10:16:36+00:00\",\"inLanguage\":\"fr-FR\",\"potentialAction\":[{\"@type\":\"ReadAction\",\"target\":[\"https:\\\/\\\/draxis.gr\\\/fr\\\/ventures\\\/\"]}]},{\"@type\":\"ImageObject\",\"inLanguage\":\"fr-FR\",\"@id\":\"https:\\\/\\\/draxis.gr\\\/fr\\\/ventures\\\/#primaryimage\",\"url\":\"https:\\\/\\\/draxis.gr\\\/wp-content\\\/uploads\\\/2025\\\/07\\\/research-ventures-1-1024x683.webp\",\"contentUrl\":\"https:\\\/\\\/draxis.gr\\\/wp-content\\\/uploads\\\/2025\\\/07\\\/research-ventures-1-1024x683.webp\"},{\"@type\":\"WebSite\",\"@id\":\"https:\\\/\\\/draxis.gr\\\/fr\\\/#website\",\"url\":\"https:\\\/\\\/draxis.gr\\\/fr\\\/\",\"name\":\"DRAXIS website\",\"description\":\"Where Digital Transformation meets the environment.\",\"publisher\":{\"@id\":\"https:\\\/\\\/draxis.gr\\\/fr\\\/#organization\"},\"potentialAction\":[{\"@type\":\"SearchAction\",\"target\":{\"@type\":\"EntryPoint\",\"urlTemplate\":\"https:\\\/\\\/draxis.gr\\\/fr\\\/?s={search_term_string}\"},\"query-input\":{\"@type\":\"PropertyValueSpecification\",\"valueRequired\":true,\"valueName\":\"search_term_string\"}}],\"inLanguage\":\"fr-FR\"},{\"@type\":\"Organization\",\"@id\":\"https:\\\/\\\/draxis.gr\\\/fr\\\/#organization\",\"name\":\"DRAXIS\",\"alternateName\":\"DRAXIS ENVIRONMENTAL S.A.\",\"url\":\"https:\\\/\\\/draxis.gr\\\/fr\\\/\",\"logo\":{\"@type\":\"ImageObject\",\"inLanguage\":\"fr-FR\",\"@id\":\"https:\\\/\\\/draxis.gr\\\/fr\\\/#\\\/schema\\\/logo\\\/image\\\/\",\"url\":\"https:\\\/\\\/draxis.gr\\\/wp-content\\\/uploads\\\/2024\\\/02\\\/cropped-draxis-favicon-black-1.png\",\"contentUrl\":\"https:\\\/\\\/draxis.gr\\\/wp-content\\\/uploads\\\/2024\\\/02\\\/cropped-draxis-favicon-black-1.png\",\"width\":512,\"height\":512,\"caption\":\"DRAXIS\"},\"image\":{\"@id\":\"https:\\\/\\\/draxis.gr\\\/fr\\\/#\\\/schema\\\/logo\\\/image\\\/\"},\"sameAs\":[\"https:\\\/\\\/www.facebook.com\\\/Draxisenvironmental\",\"https:\\\/\\\/x.com\\\/draxisenv\",\"https:\\\/\\\/www.linkedin.com\\\/company\\\/draxis-sa\"]}]}<\/script>\n<!-- \/ Yoast SEO plugin. -->","yoast_head_json":{"title":"Research ventures - Draxis Environmental","robots":{"index":"index","follow":"follow","max-snippet":"max-snippet:-1","max-image-preview":"max-image-preview:large","max-video-preview":"max-video-preview:-1"},"canonical":"https:\/\/draxis.gr\/fr\/ventures\/","og_locale":"fr_FR","og_type":"article","og_title":"Research ventures - Draxis Environmental","og_description":"DRAXIS RESEARCH VENTURES After 20+ years as a dynamic and innovative environmental ICT solution provider, DRAXIS made a strategic decision to further amplify its focus on research. This led to the creation of DReVen, a non-profit organization established in 2021 as a spin-out company, dedicated to fostering the highest level of research and development activities.\u00a0\u00a0 [&hellip;]","og_url":"https:\/\/draxis.gr\/fr\/ventures\/","og_site_name":"Draxis Environmental","article_publisher":"https:\/\/www.facebook.com\/Draxisenvironmental","article_modified_time":"2025-07-30T10:16:36+00:00","og_image":[{"width":2000,"height":1334,"url":"https:\/\/draxis.gr\/wp-content\/uploads\/2025\/07\/research-ventures-1.webp","type":"image\/webp"}],"twitter_card":"summary_large_image","twitter_site":"@draxisenv","twitter_misc":{"Dur\u00e9e de lecture estim\u00e9e":"1 minute"},"schema":{"@context":"https:\/\/schema.org","@graph":[{"@type":"WebPage","@id":"https:\/\/draxis.gr\/fr\/ventures\/","url":"https:\/\/draxis.gr\/fr\/ventures\/","name":"Research ventures - Draxis Environmental","isPartOf":{"@id":"https:\/\/draxis.gr\/fr\/#website"},"primaryImageOfPage":{"@id":"https:\/\/draxis.gr\/fr\/ventures\/#primaryimage"},"image":{"@id":"https:\/\/draxis.gr\/fr\/ventures\/#primaryimage"},"thumbnailUrl":"https:\/\/draxis.gr\/wp-content\/uploads\/2025\/07\/research-ventures-1-1024x683.webp","datePublished":"2023-10-05T16:28:22+00:00","dateModified":"2025-07-30T10:16:36+00:00","inLanguage":"fr-FR","potentialAction":[{"@type":"ReadAction","target":["https:\/\/draxis.gr\/fr\/ventures\/"]}]},{"@type":"ImageObject","inLanguage":"fr-FR","@id":"https:\/\/draxis.gr\/fr\/ventures\/#primaryimage","url":"https:\/\/draxis.gr\/wp-content\/uploads\/2025\/07\/research-ventures-1-1024x683.webp","contentUrl":"https:\/\/draxis.gr\/wp-content\/uploads\/2025\/07\/research-ventures-1-1024x683.webp"},{"@type":"WebSite","@id":"https:\/\/draxis.gr\/fr\/#website","url":"https:\/\/draxis.gr\/fr\/","name":"DRAXIS website","description":"Where Digital Transformation meets the environment.","publisher":{"@id":"https:\/\/draxis.gr\/fr\/#organization"},"potentialAction":[{"@type":"SearchAction","target":{"@type":"EntryPoint","urlTemplate":"https:\/\/draxis.gr\/fr\/?s={search_term_string}"},"query-input":{"@type":"PropertyValueSpecification","valueRequired":true,"valueName":"search_term_string"}}],"inLanguage":"fr-FR"},{"@type":"Organization","@id":"https:\/\/draxis.gr\/fr\/#organization","name":"DRAXIS","alternateName":"DRAXIS ENVIRONMENTAL S.A.","url":"https:\/\/draxis.gr\/fr\/","logo":{"@type":"ImageObject","inLanguage":"fr-FR","@id":"https:\/\/draxis.gr\/fr\/#\/schema\/logo\/image\/","url":"https:\/\/draxis.gr\/wp-content\/uploads\/2024\/02\/cropped-draxis-favicon-black-1.png","contentUrl":"https:\/\/draxis.gr\/wp-content\/uploads\/2024\/02\/cropped-draxis-favicon-black-1.png","width":512,"height":512,"caption":"DRAXIS"},"image":{"@id":"https:\/\/draxis.gr\/fr\/#\/schema\/logo\/image\/"},"sameAs":["https:\/\/www.facebook.com\/Draxisenvironmental","https:\/\/x.com\/draxisenv","https:\/\/www.linkedin.com\/company\/draxis-sa"]}]}},"_links":{"self":[{"href":"https:\/\/draxis.gr\/fr\/wp-json\/wp\/v2\/pages\/755","targetHints":{"allow":["GET"]}}],"collection":[{"href":"https:\/\/draxis.gr\/fr\/wp-json\/wp\/v2\/pages"}],"about":[{"href":"https:\/\/draxis.gr\/fr\/wp-json\/wp\/v2\/types\/page"}],"author":[{"embeddable":true,"href":"https:\/\/draxis.gr\/fr\/wp-json\/wp\/v2\/users\/1"}],"replies":[{"embeddable":true,"href":"https:\/\/draxis.gr\/fr\/wp-json\/wp\/v2\/comments?post=755"}],"version-history":[{"count":5,"href":"https:\/\/draxis.gr\/fr\/wp-json\/wp\/v2\/pages\/755\/revisions"}],"predecessor-version":[{"id":7673,"href":"https:\/\/draxis.gr\/fr\/wp-json\/wp\/v2\/pages\/755\/revisions\/7673"}],"wp:attachment":[{"href":"https:\/\/draxis.gr\/fr\/wp-json\/wp\/v2\/media?parent=755"}],"curies":[{"name":"wp","href":"https:\/\/api.w.org\/{rel}","templated":true}]}}