{"id":2146,"date":"2023-10-09T16:57:10","date_gmt":"2023-10-09T13:57:10","guid":{"rendered":"https:\/\/draxis.gr\/?page_id=2146"},"modified":"2024-03-11T14:41:35","modified_gmt":"2024-03-11T12:41:35","slug":"terms-of-use","status":"publish","type":"page","link":"https:\/\/draxis.gr\/fr\/terms-of-use\/","title":{"rendered":"Conditions d'utilisation"},"content":{"rendered":"<div data-elementor-type=\"wp-page\" data-elementor-id=\"2146\" class=\"elementor elementor-2146\" data-elementor-post-type=\"page\">\n\t\t\t\t<div class=\"elementor-element elementor-element-ae1145d e-con-full page-wrapper e-flex e-con e-parent\" data-id=\"ae1145d\" data-element_type=\"container\" data-e-type=\"container\" data-settings='{\"background_background\":\"classic\"}'>\n\t\t<div class=\"elementor-element elementor-element-e27e895 e-flex e-con-boxed e-con e-child\" data-id=\"e27e895\" data-element_type=\"container\" data-e-type=\"container\">\n\t\t\t\t\t<div class=\"e-con-inner\">\n\t\t\t\t<div class=\"elementor-element elementor-element-170e634 elementor-widget elementor-widget-heading\" data-id=\"170e634\" data-element_type=\"widget\" data-e-type=\"widget\" data-widget_type=\"heading.default\">\n\t\t\t\t<div class=\"elementor-widget-container\">\n\t\t\t\t\t<h1 class=\"elementor-heading-title elementor-size-default\">CONDITIONS D'UTILISATION<\/h1>\t\t\t\t<\/div>\n\t\t\t\t<\/div>\n\t\t\t\t<div class=\"elementor-element elementor-element-1c6d18a m0 elementor-widget elementor-widget-text-editor\" data-id=\"1c6d18a\" data-element_type=\"widget\" data-e-type=\"widget\" data-widget_type=\"text-editor.default\">\n\t\t\t\t<div class=\"elementor-widget-container\">\n\t\t\t\t\t\t\t\t\t<p>L'utilisation de ce portail web (ci-apr\u00e8s d\u00e9nomm\u00e9 \"le portail web\") est soumise aux conditions suivantes. L'utilisation du portail Web suppose que le visiteur\/l'utilisateur a \u00e9tudi\u00e9, compris et accept\u00e9 toutes les conditions d'utilisation du portail Web. Si le visiteur\/utilisateur n'est pas d'accord avec les conditions d'utilisation de ce site, il ne doit pas utiliser les services et le contenu du site. Les pr\u00e9sentes conditions d'utilisation peuvent \u00eatre r\u00e9vis\u00e9es et mises \u00e0 jour \u00e0 tout moment sans pr\u00e9avis. Veuillez consulter r\u00e9guli\u00e8rement les conditions d'utilisation, car le fait de continuer \u00e0 les utiliser implique que vous acceptez ces changements.<\/p>\t\t\t\t\t\t\t\t<\/div>\n\t\t\t\t<\/div>\n\t\t\t\t\t<\/div>\n\t\t\t\t<\/div>\n\t\t\t\t<\/div>\n\t\t<div class=\"elementor-element elementor-element-ebc20a0 e-flex e-con-boxed e-con e-parent\" data-id=\"ebc20a0\" data-element_type=\"container\" data-e-type=\"container\">\n\t\t\t\t\t<div class=\"e-con-inner\">\n\t\t<div class=\"elementor-element elementor-element-bc4c70d e-con-full e-flex e-con e-child\" data-id=\"bc4c70d\" data-element_type=\"container\" data-e-type=\"container\">\n\t\t<div class=\"elementor-element elementor-element-d232667 e-con-full e-flex e-con e-child\" data-id=\"d232667\" data-element_type=\"container\" data-e-type=\"container\">\n\t\t\t\t<div class=\"elementor-element elementor-element-d05b279 elementor-widget elementor-widget-heading\" data-id=\"d05b279\" data-element_type=\"widget\" data-e-type=\"widget\" data-widget_type=\"heading.default\">\n\t\t\t\t<div class=\"elementor-widget-container\">\n\t\t\t\t\t<h3 class=\"elementor-heading-title elementor-size-default\">Droits d'auteur<\/h3>\t\t\t\t<\/div>\n\t\t\t\t<\/div>\n\t\t\t\t<\/div>\n\t\t<div class=\"elementor-element elementor-element-8b50124 e-con-full e-flex e-con e-child\" data-id=\"8b50124\" data-element_type=\"container\" data-e-type=\"container\">\n\t\t\t\t<div class=\"elementor-element elementor-element-66897a8 m0 elementor-widget elementor-widget-text-editor\" data-id=\"66897a8\" data-element_type=\"widget\" data-e-type=\"widget\" data-widget_type=\"text-editor.default\">\n\t\t\t\t<div class=\"elementor-widget-container\">\n\t\t\t\t\t\t\t\t\t<p>Tout le contenu du site Web, sauf mention expresse (droits d'auteur de tiers), qui comprend notamment des textes, des graphiques, des images, des dessins photographiques, des vid\u00e9os, des sons, etc. (ci-apr\u00e8s d\u00e9nomm\u00e9s droits d'auteur) est prot\u00e9g\u00e9 par DRAXIS Environmental et par le droit national, communautaire et international applicable. DRAXIS Environmental se r\u00e9serve tous les droits d'auteur sur le contenu et les copies cr\u00e9\u00e9es \u00e0 partir de celui-ci. Le contenu du site Web est mis \u00e0 la disposition de ses visiteurs\/utilisateurs pour un usage personnel. Le contenu peut \u00eatre modifi\u00e9 sans pr\u00e9avis \u00e0 la seule discr\u00e9tion de DRAXIS Environmental. Apr\u00e8s acceptation des conditions d'utilisation, l'utilisation non commerciale et la reproduction, en tout ou en partie, sont autoris\u00e9es \u00e0 condition que le produit reproduit soit disponible gratuitement par la suite via Internet ou d'autres moyens appropri\u00e9s et qu'il soit accompagn\u00e9 d'une r\u00e9f\u00e9rence claire et distincte \u00e0 la source d'origine. Toute autre utilisation n\u00e9cessite l'autorisation \u00e9crite expresse du propri\u00e9taire ou du d\u00e9tenteur des droits d'auteur. Les autres produits ou services figurant sur les pages web de ce WP et portant les marques de leurs organisations, soci\u00e9t\u00e9s, affili\u00e9s, associations ou publications respectives sont leur propre propri\u00e9t\u00e9 intellectuelle et industrielle et sont donc responsables. Veuillez contacter info@draxis.gr pour toute question concernant les droits d'auteur de toute partie du contenu de ce site web, ainsi que pour toute demande d'autorisation de reproduction du contenu.<\/p>\t\t\t\t\t\t\t\t<\/div>\n\t\t\t\t<\/div>\n\t\t\t\t<\/div>\n\t\t\t\t<\/div>\n\t\t<div class=\"elementor-element elementor-element-3e250e0 e-con-full e-flex e-con e-child\" data-id=\"3e250e0\" data-element_type=\"container\" data-e-type=\"container\">\n\t\t<div class=\"elementor-element elementor-element-f8fbdeb e-con-full e-flex e-con e-child\" data-id=\"f8fbdeb\" data-element_type=\"container\" data-e-type=\"container\">\n\t\t\t\t<div class=\"elementor-element elementor-element-c57c977 elementor-widget elementor-widget-heading\" data-id=\"c57c977\" data-element_type=\"widget\" data-e-type=\"widget\" data-widget_type=\"heading.default\">\n\t\t\t\t<div class=\"elementor-widget-container\">\n\t\t\t\t\t<h3 class=\"elementor-heading-title elementor-size-default\">Comportement des utilisateurs<\/h3>\t\t\t\t<\/div>\n\t\t\t\t<\/div>\n\t\t\t\t<\/div>\n\t\t<div class=\"elementor-element elementor-element-6e952a2 e-con-full e-flex e-con e-child\" data-id=\"6e952a2\" data-element_type=\"container\" data-e-type=\"container\">\n\t\t\t\t<div class=\"elementor-element elementor-element-eba82fa m0 elementor-widget elementor-widget-text-editor\" data-id=\"eba82fa\" data-element_type=\"widget\" data-e-type=\"widget\" data-widget_type=\"text-editor.default\">\n\t\t\t\t<div class=\"elementor-widget-container\">\n\t\t\t\t\t\t\t\t\t<p>L'utilisation du programme de travail par les utilisateurs doit s'inscrire dans le cadre fix\u00e9 par la loi, la bonne foi et les bonnes m\u0153urs et doit se faire de mani\u00e8re \u00e0 ne pas restreindre ou emp\u00eacher son utilisation par des tiers. Les utilisateurs du programme de travail doivent se conformer aux r\u00e8gles et r\u00e9glementations de la Gr\u00e8ce et de l'Union europ\u00e9enne ainsi qu'aux dispositions internationales pertinentes et s'abstenir de tout comportement ill\u00e9gal et abusif susceptible d'affecter les autres utilisateurs et de causer des dommages ou des dysfonctionnements au programme de travail. En cas de comportement ill\u00e9gal ou contraire aux pr\u00e9sentes conditions et au cadre juridique applicable, l'utilisateur est tenu d'indemniser le b\u00e9n\u00e9ficiaire pour tout dommage subi par ce dernier.<\/p>\t\t\t\t\t\t\t\t<\/div>\n\t\t\t\t<\/div>\n\t\t\t\t<\/div>\n\t\t\t\t<\/div>\n\t\t<div class=\"elementor-element elementor-element-b1a9152 e-con-full e-flex e-con e-child\" data-id=\"b1a9152\" data-element_type=\"container\" data-e-type=\"container\">\n\t\t<div class=\"elementor-element elementor-element-216793c e-con-full e-flex e-con e-child\" data-id=\"216793c\" data-element_type=\"container\" data-e-type=\"container\">\n\t\t\t\t<div class=\"elementor-element elementor-element-e1bb8bc elementor-widget elementor-widget-heading\" data-id=\"e1bb8bc\" data-element_type=\"widget\" data-e-type=\"widget\" data-widget_type=\"heading.default\">\n\t\t\t\t<div class=\"elementor-widget-container\">\n\t\t\t\t\t<h3 class=\"elementor-heading-title elementor-size-default\">Lien vers des sites web de tiers<\/h3>\t\t\t\t<\/div>\n\t\t\t\t<\/div>\n\t\t\t\t<\/div>\n\t\t<div class=\"elementor-element elementor-element-a259f65 e-con-full e-flex e-con e-child\" data-id=\"a259f65\" data-element_type=\"container\" data-e-type=\"container\">\n\t\t\t\t<div class=\"elementor-element elementor-element-19aecd7 m0 elementor-widget elementor-widget-text-editor\" data-id=\"19aecd7\" data-element_type=\"widget\" data-e-type=\"widget\" data-widget_type=\"text-editor.default\">\n\t\t\t\t<div class=\"elementor-widget-container\">\n\t\t\t\t\t\t\t\t\t<p>Le site WP permet d'acc\u00e9der \u00e0 des sites web de tiers par le biais de liens appropri\u00e9s. Ces liens sont destin\u00e9s exclusivement \u00e0 la commodit\u00e9 des visiteurs\/utilisateurs du site Web et les sites Web auxquels ils renvoient sont soumis \u00e0 leurs conditions d'utilisation respectives. La pr\u00e9sence de ces liens ne signifie pas que l'administrateur du site Web approuve ou accepte le contenu des sites Web respectifs, et il n'est pas responsable de leur contenu ni des pratiques en mati\u00e8re de protection de la vie priv\u00e9e ou de l'exactitude des documents qu'ils contiennent. Si le visiteur \/ l'utilisateur du site Web d\u00e9cide d'utiliser, par l'interm\u00e9diaire de ses liens, l'un des sites Web de tiers, il accepte de le faire \u00e0 ses propres risques.<\/p>\t\t\t\t\t\t\t\t<\/div>\n\t\t\t\t<\/div>\n\t\t\t\t<\/div>\n\t\t\t\t<\/div>\n\t\t<div class=\"elementor-element elementor-element-b15831a e-con-full e-flex e-con e-child\" data-id=\"b15831a\" data-element_type=\"container\" data-e-type=\"container\">\n\t\t<div class=\"elementor-element elementor-element-b764737 e-con-full e-flex e-con e-child\" data-id=\"b764737\" data-element_type=\"container\" data-e-type=\"container\">\n\t\t\t\t<div class=\"elementor-element elementor-element-2571b09 elementor-widget elementor-widget-heading\" data-id=\"2571b09\" data-element_type=\"widget\" data-e-type=\"widget\" data-widget_type=\"heading.default\">\n\t\t\t\t<div class=\"elementor-widget-container\">\n\t\t\t\t\t<h3 class=\"elementor-heading-title elementor-size-default\">Lien Clause de limitation de responsabilit\u00e9<\/h3>\t\t\t\t<\/div>\n\t\t\t\t<\/div>\n\t\t\t\t<\/div>\n\t\t<div class=\"elementor-element elementor-element-a8acdd8 e-con-full e-flex e-con e-child\" data-id=\"a8acdd8\" data-element_type=\"container\" data-e-type=\"container\">\n\t\t\t\t<div class=\"elementor-element elementor-element-5573791 m0 elementor-widget elementor-widget-text-editor\" data-id=\"5573791\" data-element_type=\"widget\" data-e-type=\"widget\" data-widget_type=\"text-editor.default\">\n\t\t\t\t<div class=\"elementor-widget-container\">\n\t\t\t\t\t\t\t\t\t<p>Le contenu du WP est disponible en l'\u00e9tat et DRAXIS Environmental ne donne aucune garantie, explicite ou non, quant \u00e0 l'exhaustivit\u00e9, l'exactitude, l'actualit\u00e9, la commercialit\u00e9, l'absence de contrefa\u00e7on ou l'ad\u00e9quation de ce contenu \u00e0 toute utilisation, application ou finalit\u00e9.<br>DRAXIS Environmental, en aucune circonstance, y compris en cas de n\u00e9gligence, ne sera responsable des dommages subis par le visiteur\/utilisateur des pages, services, options et contenus du WP de sa propre initiative et en connaissance de ces termes. De m\u00eame, DRAXIS Environmental ne garantit pas que les pages, services, options et contenus seront fournis sans interruption, sans erreur, que les erreurs seront corrig\u00e9es ou qu'il sera r\u00e9pondu \u00e0 toutes les questions. De m\u00eame, DRAXIS Environmental ne garantit pas que le WP ou tout autre site Web ou serveur connexe par l'interm\u00e9diaire duquel le contenu est mis \u00e0 la disposition des visiteurs \/ utilisateurs sont fournis sans \"virus\" ou autres composants nuisibles. Le co\u00fbt de toute correction ou service est support\u00e9 par le visiteur \/ utilisateur et en aucun cas par DRAXIS Environmental.<\/p>\t\t\t\t\t\t\t\t<\/div>\n\t\t\t\t<\/div>\n\t\t\t\t<\/div>\n\t\t\t\t<\/div>\n\t\t<div class=\"elementor-element elementor-element-ef5e978 e-con-full e-flex e-con e-child\" data-id=\"ef5e978\" data-element_type=\"container\" data-e-type=\"container\">\n\t\t<div class=\"elementor-element elementor-element-17e97ad e-con-full e-flex e-con e-child\" data-id=\"17e97ad\" data-element_type=\"container\" data-e-type=\"container\">\n\t\t\t\t<div class=\"elementor-element elementor-element-7398e03 elementor-widget elementor-widget-heading\" data-id=\"7398e03\" data-element_type=\"widget\" data-e-type=\"widget\" data-widget_type=\"heading.default\">\n\t\t\t\t<div class=\"elementor-widget-container\">\n\t\t\t\t\t<h3 class=\"elementor-heading-title elementor-size-default\">S\u00e9curit\u00e9 du portail web<\/h3>\t\t\t\t<\/div>\n\t\t\t\t<\/div>\n\t\t\t\t<\/div>\n\t\t<div class=\"elementor-element elementor-element-4d9aeb6 e-con-full e-flex e-con e-child\" data-id=\"4d9aeb6\" data-element_type=\"container\" data-e-type=\"container\">\n\t\t\t\t<div class=\"elementor-element elementor-element-f5c5e4b m0 elementor-widget elementor-widget-text-editor\" data-id=\"f5c5e4b\" data-element_type=\"widget\" data-e-type=\"widget\" data-widget_type=\"text-editor.default\">\n\t\t\t\t<div class=\"elementor-widget-container\">\n\t\t\t\t\t\t\t\t\t<p>L'acc\u00e8s au site est fourni \u00e0 l'initiative du visiteur \/ utilisateur et non par DRAXIS Environmental. Le visiteur \/ l'utilisateur du site est seul responsable de disposer de l'\u00e9quipement (par exemple, un ordinateur personnel), des logiciels, des \u00e9quipements de t\u00e9l\u00e9communications et des services n\u00e9cessaires pour acc\u00e9der au site. L'utilisateur est \u00e9galement responsable de la protection de son syst\u00e8me contre les virus et autres logiciels malveillants. DRAXIS Environmental a pris, dans la mesure du possible, toutes les mesures de s\u00e9curit\u00e9 n\u00e9cessaires pour prot\u00e9ger le site contre les virus et autres logiciels malveillants et contr\u00f4le l'acc\u00e8s aux sites web afin d'emp\u00eacher les attaques et autres actions non autoris\u00e9es \u00e0 l'aide de syst\u00e8mes de s\u00e9curit\u00e9.<\/p>\t\t\t\t\t\t\t\t<\/div>\n\t\t\t\t<\/div>\n\t\t\t\t<\/div>\n\t\t\t\t<\/div>\n\t\t<div class=\"elementor-element elementor-element-0bcf029 e-con-full e-flex e-con e-child\" data-id=\"0bcf029\" data-element_type=\"container\" data-e-type=\"container\">\n\t\t<div class=\"elementor-element elementor-element-d902bc6 e-con-full e-flex e-con e-child\" data-id=\"d902bc6\" data-element_type=\"container\" data-e-type=\"container\">\n\t\t\t\t<div class=\"elementor-element elementor-element-16d57eb elementor-widget elementor-widget-heading\" data-id=\"16d57eb\" data-element_type=\"widget\" data-e-type=\"widget\" data-widget_type=\"heading.default\">\n\t\t\t\t<div class=\"elementor-widget-container\">\n\t\t\t\t\t<h3 class=\"elementor-heading-title elementor-size-default\">Donn\u00e9es personnelles<\/h3>\t\t\t\t<\/div>\n\t\t\t\t<\/div>\n\t\t\t\t<\/div>\n\t\t<div class=\"elementor-element elementor-element-eaee88f e-con-full e-flex e-con e-child\" data-id=\"eaee88f\" data-element_type=\"container\" data-e-type=\"container\">\n\t\t\t\t<div class=\"elementor-element elementor-element-7e61f89 m0 elementor-widget elementor-widget-text-editor\" data-id=\"7e61f89\" data-element_type=\"widget\" data-e-type=\"widget\" data-widget_type=\"text-editor.default\">\n\t\t\t\t<div class=\"elementor-widget-container\">\n\t\t\t\t\t\t\t\t\t<p>DRAXIS Environmental, en ce qui concerne les donn\u00e9es personnelles, se conforme au GDPR dans son activit\u00e9 et son objectif et a mis en place les mesures techniques et organisationnelles appropri\u00e9es pour la protection efficace des donn\u00e9es personnelles comme pr\u00e9vu dans le GDPR et la l\u00e9gislation grecque. Pour plus d'informations sur le traitement de vos donn\u00e9es par DRAXIS Environmental, veuillez vous r\u00e9f\u00e9rer \u00e0 la section correspondante.<\/p>\t\t\t\t\t\t\t\t<\/div>\n\t\t\t\t<\/div>\n\t\t\t\t<\/div>\n\t\t\t\t<\/div>\n\t\t<div class=\"elementor-element elementor-element-1ab052b e-con-full e-flex e-con e-child\" data-id=\"1ab052b\" data-element_type=\"container\" data-e-type=\"container\">\n\t\t<div class=\"elementor-element elementor-element-5a0b386 e-con-full e-flex e-con e-child\" data-id=\"5a0b386\" data-element_type=\"container\" data-e-type=\"container\">\n\t\t\t\t<div class=\"elementor-element elementor-element-9db38ff elementor-widget elementor-widget-heading\" data-id=\"9db38ff\" data-element_type=\"widget\" data-e-type=\"widget\" data-widget_type=\"heading.default\">\n\t\t\t\t<div class=\"elementor-widget-container\">\n\t\t\t\t\t<h3 class=\"elementor-heading-title elementor-size-default\">Droit applicable - Autres conditions<\/h3>\t\t\t\t<\/div>\n\t\t\t\t<\/div>\n\t\t\t\t<\/div>\n\t\t<div class=\"elementor-element elementor-element-76c76ed e-con-full e-flex e-con e-child\" data-id=\"76c76ed\" data-element_type=\"container\" data-e-type=\"container\">\n\t\t\t\t<div class=\"elementor-element elementor-element-d924007 m0 elementor-widget elementor-widget-text-editor\" data-id=\"d924007\" data-element_type=\"widget\" data-e-type=\"widget\" data-widget_type=\"text-editor.default\">\n\t\t\t\t<div class=\"elementor-widget-container\">\n\t\t\t\t\t\t\t\t\t<p>Les pr\u00e9sentes conditions d'utilisation du site WP, ainsi que toute modification ou alt\u00e9ration de celles-ci, sont r\u00e9gies par le droit national, le droit communautaire et les conditions internationales pertinentes. Toute disposition des conditions susmentionn\u00e9es jug\u00e9e contraire au cadre juridique susmentionn\u00e9 ou invalide cessera de s'appliquer et sera abrog\u00e9e par la pr\u00e9sente, sans pr\u00e9judice de la validit\u00e9 des autres conditions. Les pr\u00e9sentes constituent l'int\u00e9gralit\u00e9 de l'accord entre l'administrateur du WP et le visiteur\/utilisateur de ses pages et services et ne les r\u00e9servent qu'\u00e0 eux seuls. Aucune modification de ces conditions ne sera prise en compte et ne fera partie du pr\u00e9sent accord si elle n'a pas \u00e9t\u00e9 formul\u00e9e par \u00e9crit et incorpor\u00e9e.<\/p><p>Il est express\u00e9ment convenu que tout litige pouvant r\u00e9sulter de l'application des pr\u00e9sentes conditions et de l'utilisation g\u00e9n\u00e9rale du site web par le visiteur ou son utilisateur, \u00e0 moins d'\u00eatre r\u00e9solu \u00e0 l'amiable, est r\u00e9gi par le droit grec et soumis \u00e0 la juridiction des tribunaux d'Ath\u00e8nes. Veuillez envoyer un courriel \u00e0 info@draxis.gr pour contacter l'administrateur du site web. De m\u00eame, si vous avez des probl\u00e8mes avec le contenu du site concernant des questions juridiques ou \u00e9thiques, en particulier en ce qui concerne sa reproduction et l'utilisation des droits d'auteur, veuillez nous en informer \u00e0 l'adresse info@draxis.gr.<\/p>\t\t\t\t\t\t\t\t<\/div>\n\t\t\t\t<\/div>\n\t\t\t\t<\/div>\n\t\t\t\t<\/div>\n\t\t\t\t\t<\/div>\n\t\t\t\t<\/div>\n\t\t\t\t<\/div>","protected":false},"excerpt":{"rendered":"<p>TERMS OF USE Use of this Web Portal (hereinafter referred to as WP) is subject to the following terms. The use of the WP is a presumption that the visitor \/ user has studied, understood and accepted all terms of use of the WP. In case the visitor \/ user does not agree with the [&hellip;]<\/p>\n","protected":false},"author":1,"featured_media":0,"parent":0,"menu_order":0,"comment_status":"closed","ping_status":"closed","template":"","meta":{"_acf_changed":false,"_monsterinsights_skip_tracking":false,"_monsterinsights_sitenote_active":false,"_monsterinsights_sitenote_note":"","_monsterinsights_sitenote_category":0,"footnotes":""},"class_list":["post-2146","page","type-page","status-publish","hentry"],"acf":[],"yoast_head":"<!-- This site is optimized with the Yoast SEO plugin v27.3 - https:\/\/yoast.com\/product\/yoast-seo-wordpress\/ -->\n<title>Terms of use - Draxis Environmental<\/title>\n<meta name=\"robots\" content=\"index, follow, max-snippet:-1, max-image-preview:large, max-video-preview:-1\" \/>\n<link rel=\"canonical\" href=\"https:\/\/draxis.gr\/fr\/terms-of-use\/\" \/>\n<meta property=\"og:locale\" content=\"fr_FR\" \/>\n<meta property=\"og:type\" content=\"article\" \/>\n<meta property=\"og:title\" content=\"Terms of use - Draxis Environmental\" \/>\n<meta property=\"og:description\" content=\"TERMS OF USE Use of this Web Portal (hereinafter referred to as WP) is subject to the following terms. The use of the WP is a presumption that the visitor \/ user has studied, understood and accepted all terms of use of the WP. In case the visitor \/ user does not agree with the [&hellip;]\" \/>\n<meta property=\"og:url\" content=\"https:\/\/draxis.gr\/fr\/terms-of-use\/\" \/>\n<meta property=\"og:site_name\" content=\"Draxis Environmental\" \/>\n<meta property=\"article:publisher\" content=\"https:\/\/www.facebook.com\/Draxisenvironmental\" \/>\n<meta property=\"article:modified_time\" content=\"2024-03-11T12:41:35+00:00\" \/>\n<meta name=\"twitter:card\" content=\"summary_large_image\" \/>\n<meta name=\"twitter:site\" content=\"@draxisenv\" \/>\n<meta name=\"twitter:label1\" content=\"Dur\u00e9e de lecture estim\u00e9e\" \/>\n\t<meta name=\"twitter:data1\" content=\"5 minutes\" \/>\n<script type=\"application\/ld+json\" class=\"yoast-schema-graph\">{\"@context\":\"https:\\\/\\\/schema.org\",\"@graph\":[{\"@type\":\"WebPage\",\"@id\":\"https:\\\/\\\/draxis.gr\\\/fr\\\/terms-of-use\\\/\",\"url\":\"https:\\\/\\\/draxis.gr\\\/fr\\\/terms-of-use\\\/\",\"name\":\"Terms of use - Draxis Environmental\",\"isPartOf\":{\"@id\":\"https:\\\/\\\/draxis.gr\\\/fr\\\/#website\"},\"datePublished\":\"2023-10-09T13:57:10+00:00\",\"dateModified\":\"2024-03-11T12:41:35+00:00\",\"inLanguage\":\"fr-FR\",\"potentialAction\":[{\"@type\":\"ReadAction\",\"target\":[\"https:\\\/\\\/draxis.gr\\\/fr\\\/terms-of-use\\\/\"]}]},{\"@type\":\"WebSite\",\"@id\":\"https:\\\/\\\/draxis.gr\\\/fr\\\/#website\",\"url\":\"https:\\\/\\\/draxis.gr\\\/fr\\\/\",\"name\":\"DRAXIS website\",\"description\":\"Where Digital Transformation meets the environment.\",\"publisher\":{\"@id\":\"https:\\\/\\\/draxis.gr\\\/fr\\\/#organization\"},\"potentialAction\":[{\"@type\":\"SearchAction\",\"target\":{\"@type\":\"EntryPoint\",\"urlTemplate\":\"https:\\\/\\\/draxis.gr\\\/fr\\\/?s={search_term_string}\"},\"query-input\":{\"@type\":\"PropertyValueSpecification\",\"valueRequired\":true,\"valueName\":\"search_term_string\"}}],\"inLanguage\":\"fr-FR\"},{\"@type\":\"Organization\",\"@id\":\"https:\\\/\\\/draxis.gr\\\/fr\\\/#organization\",\"name\":\"DRAXIS\",\"alternateName\":\"DRAXIS ENVIRONMENTAL S.A.\",\"url\":\"https:\\\/\\\/draxis.gr\\\/fr\\\/\",\"logo\":{\"@type\":\"ImageObject\",\"inLanguage\":\"fr-FR\",\"@id\":\"https:\\\/\\\/draxis.gr\\\/fr\\\/#\\\/schema\\\/logo\\\/image\\\/\",\"url\":\"https:\\\/\\\/draxis.gr\\\/wp-content\\\/uploads\\\/2024\\\/02\\\/cropped-draxis-favicon-black-1.png\",\"contentUrl\":\"https:\\\/\\\/draxis.gr\\\/wp-content\\\/uploads\\\/2024\\\/02\\\/cropped-draxis-favicon-black-1.png\",\"width\":512,\"height\":512,\"caption\":\"DRAXIS\"},\"image\":{\"@id\":\"https:\\\/\\\/draxis.gr\\\/fr\\\/#\\\/schema\\\/logo\\\/image\\\/\"},\"sameAs\":[\"https:\\\/\\\/www.facebook.com\\\/Draxisenvironmental\",\"https:\\\/\\\/x.com\\\/draxisenv\",\"https:\\\/\\\/www.linkedin.com\\\/company\\\/draxis-sa\"]}]}<\/script>\n<!-- \/ Yoast SEO plugin. -->","yoast_head_json":{"title":"Terms of use - Draxis Environmental","robots":{"index":"index","follow":"follow","max-snippet":"max-snippet:-1","max-image-preview":"max-image-preview:large","max-video-preview":"max-video-preview:-1"},"canonical":"https:\/\/draxis.gr\/fr\/terms-of-use\/","og_locale":"fr_FR","og_type":"article","og_title":"Terms of use - Draxis Environmental","og_description":"TERMS OF USE Use of this Web Portal (hereinafter referred to as WP) is subject to the following terms. The use of the WP is a presumption that the visitor \/ user has studied, understood and accepted all terms of use of the WP. In case the visitor \/ user does not agree with the [&hellip;]","og_url":"https:\/\/draxis.gr\/fr\/terms-of-use\/","og_site_name":"Draxis Environmental","article_publisher":"https:\/\/www.facebook.com\/Draxisenvironmental","article_modified_time":"2024-03-11T12:41:35+00:00","twitter_card":"summary_large_image","twitter_site":"@draxisenv","twitter_misc":{"Dur\u00e9e de lecture estim\u00e9e":"5 minutes"},"schema":{"@context":"https:\/\/schema.org","@graph":[{"@type":"WebPage","@id":"https:\/\/draxis.gr\/fr\/terms-of-use\/","url":"https:\/\/draxis.gr\/fr\/terms-of-use\/","name":"Terms of use - Draxis Environmental","isPartOf":{"@id":"https:\/\/draxis.gr\/fr\/#website"},"datePublished":"2023-10-09T13:57:10+00:00","dateModified":"2024-03-11T12:41:35+00:00","inLanguage":"fr-FR","potentialAction":[{"@type":"ReadAction","target":["https:\/\/draxis.gr\/fr\/terms-of-use\/"]}]},{"@type":"WebSite","@id":"https:\/\/draxis.gr\/fr\/#website","url":"https:\/\/draxis.gr\/fr\/","name":"DRAXIS website","description":"Where Digital Transformation meets the environment.","publisher":{"@id":"https:\/\/draxis.gr\/fr\/#organization"},"potentialAction":[{"@type":"SearchAction","target":{"@type":"EntryPoint","urlTemplate":"https:\/\/draxis.gr\/fr\/?s={search_term_string}"},"query-input":{"@type":"PropertyValueSpecification","valueRequired":true,"valueName":"search_term_string"}}],"inLanguage":"fr-FR"},{"@type":"Organization","@id":"https:\/\/draxis.gr\/fr\/#organization","name":"DRAXIS","alternateName":"DRAXIS ENVIRONMENTAL S.A.","url":"https:\/\/draxis.gr\/fr\/","logo":{"@type":"ImageObject","inLanguage":"fr-FR","@id":"https:\/\/draxis.gr\/fr\/#\/schema\/logo\/image\/","url":"https:\/\/draxis.gr\/wp-content\/uploads\/2024\/02\/cropped-draxis-favicon-black-1.png","contentUrl":"https:\/\/draxis.gr\/wp-content\/uploads\/2024\/02\/cropped-draxis-favicon-black-1.png","width":512,"height":512,"caption":"DRAXIS"},"image":{"@id":"https:\/\/draxis.gr\/fr\/#\/schema\/logo\/image\/"},"sameAs":["https:\/\/www.facebook.com\/Draxisenvironmental","https:\/\/x.com\/draxisenv","https:\/\/www.linkedin.com\/company\/draxis-sa"]}]}},"_links":{"self":[{"href":"https:\/\/draxis.gr\/fr\/wp-json\/wp\/v2\/pages\/2146","targetHints":{"allow":["GET"]}}],"collection":[{"href":"https:\/\/draxis.gr\/fr\/wp-json\/wp\/v2\/pages"}],"about":[{"href":"https:\/\/draxis.gr\/fr\/wp-json\/wp\/v2\/types\/page"}],"author":[{"embeddable":true,"href":"https:\/\/draxis.gr\/fr\/wp-json\/wp\/v2\/users\/1"}],"replies":[{"embeddable":true,"href":"https:\/\/draxis.gr\/fr\/wp-json\/wp\/v2\/comments?post=2146"}],"version-history":[{"count":2,"href":"https:\/\/draxis.gr\/fr\/wp-json\/wp\/v2\/pages\/2146\/revisions"}],"predecessor-version":[{"id":5867,"href":"https:\/\/draxis.gr\/fr\/wp-json\/wp\/v2\/pages\/2146\/revisions\/5867"}],"wp:attachment":[{"href":"https:\/\/draxis.gr\/fr\/wp-json\/wp\/v2\/media?parent=2146"}],"curies":[{"name":"wp","href":"https:\/\/api.w.org\/{rel}","templated":true}]}}